{"id":62813,"date":"2024-07-11T20:57:07","date_gmt":"2024-07-12T00:57:07","guid":{"rendered":"https:\/\/festivalbachmontreal.com\/festival-bach-montreal-2\/"},"modified":"2026-03-25T11:16:47","modified_gmt":"2026-03-25T15:16:47","slug":"festival-bach-montreal-2","status":"publish","type":"page","link":"https:\/\/festivalbachmontreal.com\/en\/","title":{"rendered":"Home"},"content":{"rendered":"<p>Page d&#8217;accueil Content<\/p>\n","protected":false},"excerpt":{"rendered":"<p>Page d&#8217;accueil Content [&#8230;]<\/p>\n<p><a class=\"btn btn-secondary understrap-read-more-link\" href=\"https:\/\/festivalbachmontreal.com\/en\/\">Read More&#8230;<span class=\"screen-reader-text\"> from Home<\/span><\/a><\/p>\n","protected":false},"author":2,"featured_media":0,"parent":0,"menu_order":0,"comment_status":"closed","ping_status":"closed","template":"page-templates\/home.php","meta":{"_acf_changed":false,"_uag_custom_page_level_css":"","footnotes":""},"class_list":["post-62813","page","type-page","status-publish","hentry"],"acf":[],"yoast_head":"<!-- This site is optimized with the Yoast SEO plugin v27.3 - https:\/\/yoast.com\/product\/yoast-seo-wordpress\/ -->\n<title>Home - Festival Bach<\/title>\n<meta name=\"description\" content=\"Chaque ann\u00e9e, en novembre et d\u00e9cembre, le Festival Bach Montr\u00e9al pr\u00e9sente une douzaine de concerts, une nuit des ch\u0153urs et des concerts pour enfants. Il rassemble, pendant trois semaines, plus de 20 000 festivaliers locaux et internationaux \u00e0 Montr\u00e9al.\" \/>\n<meta name=\"robots\" content=\"index, follow, max-snippet:-1, max-image-preview:large, max-video-preview:-1\" \/>\n<link rel=\"canonical\" href=\"https:\/\/festivalbachmontreal.com\/en\/\" \/>\n<meta property=\"og:locale\" content=\"en_US\" \/>\n<meta property=\"og:type\" content=\"article\" \/>\n<meta property=\"og:title\" content=\"Festival International Bach Montr\u00e9al - Accueil\" \/>\n<meta property=\"og:description\" content=\"Chaque ann\u00e9e, en novembre et d\u00e9cembre, le Festival Bach Montr\u00e9al pr\u00e9sente une douzaine de concerts, une nuit des ch\u0153urs et des concerts pour enfants. Il rassemble, pendant trois semaines, plus de 20 000 festivaliers locaux et internationaux \u00e0 Montr\u00e9al.\" \/>\n<meta property=\"og:url\" content=\"https:\/\/festivalbachmontreal.com\/en\/\" \/>\n<meta property=\"og:site_name\" content=\"Festival Bach\" \/>\n<meta property=\"article:publisher\" content=\"https:\/\/www.facebook.com\/FestivalBachMontreal\/\" \/>\n<meta property=\"article:modified_time\" content=\"2026-03-25T15:16:47+00:00\" \/>\n<meta property=\"og:image\" content=\"https:\/\/festivalbachmontreal.com\/wp-content\/uploads\/2025\/04\/F.-Bach-23-novembre-2024_WEB-76-copie.jpg\" \/>\n\t<meta property=\"og:image:width\" content=\"1800\" \/>\n\t<meta property=\"og:image:height\" content=\"1200\" \/>\n\t<meta property=\"og:image:type\" content=\"image\/jpeg\" \/>\n<meta name=\"twitter:card\" content=\"summary_large_image\" \/>\n<meta name=\"twitter:label1\" content=\"Est. reading time\" \/>\n\t<meta name=\"twitter:data1\" content=\"1 minute\" \/>\n<script type=\"application\/ld+json\" class=\"yoast-schema-graph\">{\"@context\":\"https:\\\/\\\/schema.org\",\"@graph\":[{\"@type\":\"WebPage\",\"@id\":\"https:\\\/\\\/festivalbachmontreal.com\\\/en\\\/\",\"url\":\"https:\\\/\\\/festivalbachmontreal.com\\\/en\\\/\",\"name\":\"Home - Festival Bach\",\"isPartOf\":{\"@id\":\"https:\\\/\\\/festivalbachmontreal.com\\\/en\\\/#website\"},\"datePublished\":\"2024-07-12T00:57:07+00:00\",\"dateModified\":\"2026-03-25T15:16:47+00:00\",\"description\":\"Chaque ann\u00e9e, en novembre et d\u00e9cembre, le Festival Bach Montr\u00e9al pr\u00e9sente une douzaine de concerts, une nuit des ch\u0153urs et des concerts pour enfants. Il rassemble, pendant trois semaines, plus de 20 000 festivaliers locaux et internationaux \u00e0 Montr\u00e9al.\",\"breadcrumb\":{\"@id\":\"https:\\\/\\\/festivalbachmontreal.com\\\/en\\\/#breadcrumb\"},\"inLanguage\":\"en-US\",\"potentialAction\":[{\"@type\":\"ReadAction\",\"target\":[\"https:\\\/\\\/festivalbachmontreal.com\\\/en\\\/\"]}]},{\"@type\":\"BreadcrumbList\",\"@id\":\"https:\\\/\\\/festivalbachmontreal.com\\\/en\\\/#breadcrumb\",\"itemListElement\":[{\"@type\":\"ListItem\",\"position\":1,\"name\":\"Home\",\"item\":\"https:\\\/\\\/festivalbachmontreal.com\\\/en\\\/festival-bach-montreal-2\\\/\"},{\"@type\":\"ListItem\",\"position\":2,\"name\":\"Home\"}]},{\"@type\":\"WebSite\",\"@id\":\"https:\\\/\\\/festivalbachmontreal.com\\\/en\\\/#website\",\"url\":\"https:\\\/\\\/festivalbachmontreal.com\\\/en\\\/\",\"name\":\"Festival International Bach Montr\u00e9al\",\"description\":\"\",\"publisher\":{\"@id\":\"https:\\\/\\\/festivalbachmontreal.com\\\/en\\\/#organization\"},\"potentialAction\":[{\"@type\":\"SearchAction\",\"target\":{\"@type\":\"EntryPoint\",\"urlTemplate\":\"https:\\\/\\\/festivalbachmontreal.com\\\/en\\\/?s={search_term_string}\"},\"query-input\":{\"@type\":\"PropertyValueSpecification\",\"valueRequired\":true,\"valueName\":\"search_term_string\"}}],\"inLanguage\":\"en-US\"},{\"@type\":\"Organization\",\"@id\":\"https:\\\/\\\/festivalbachmontreal.com\\\/en\\\/#organization\",\"name\":\"Festival International Bach Montr\u00e9al\",\"url\":\"https:\\\/\\\/festivalbachmontreal.com\\\/en\\\/\",\"logo\":{\"@type\":\"ImageObject\",\"inLanguage\":\"en-US\",\"@id\":\"https:\\\/\\\/festivalbachmontreal.com\\\/en\\\/#\\\/schema\\\/logo\\\/image\\\/\",\"url\":\"https:\\\/\\\/festivalbachmontreal.com\\\/wp-content\\\/uploads\\\/2025\\\/02\\\/FIBM_Noir.png\",\"contentUrl\":\"https:\\\/\\\/festivalbachmontreal.com\\\/wp-content\\\/uploads\\\/2025\\\/02\\\/FIBM_Noir.png\",\"width\":2119,\"height\":883,\"caption\":\"Festival International Bach Montr\u00e9al\"},\"image\":{\"@id\":\"https:\\\/\\\/festivalbachmontreal.com\\\/en\\\/#\\\/schema\\\/logo\\\/image\\\/\"},\"sameAs\":[\"https:\\\/\\\/www.facebook.com\\\/FestivalBachMontreal\\\/\",\"https:\\\/\\\/www.instagram.com\\\/bachfestmontreal\\\/\"]}]}<\/script>\n<!-- \/ Yoast SEO plugin. -->","yoast_head_json":{"title":"Home - Festival Bach","description":"Chaque ann\u00e9e, en novembre et d\u00e9cembre, le Festival Bach Montr\u00e9al pr\u00e9sente une douzaine de concerts, une nuit des ch\u0153urs et des concerts pour enfants. Il rassemble, pendant trois semaines, plus de 20 000 festivaliers locaux et internationaux \u00e0 Montr\u00e9al.","robots":{"index":"index","follow":"follow","max-snippet":"max-snippet:-1","max-image-preview":"max-image-preview:large","max-video-preview":"max-video-preview:-1"},"canonical":"https:\/\/festivalbachmontreal.com\/en\/","og_locale":"en_US","og_type":"article","og_title":"Festival International Bach Montr\u00e9al - Accueil","og_description":"Chaque ann\u00e9e, en novembre et d\u00e9cembre, le Festival Bach Montr\u00e9al pr\u00e9sente une douzaine de concerts, une nuit des ch\u0153urs et des concerts pour enfants. Il rassemble, pendant trois semaines, plus de 20 000 festivaliers locaux et internationaux \u00e0 Montr\u00e9al.","og_url":"https:\/\/festivalbachmontreal.com\/en\/","og_site_name":"Festival Bach","article_publisher":"https:\/\/www.facebook.com\/FestivalBachMontreal\/","article_modified_time":"2026-03-25T15:16:47+00:00","og_image":[{"width":1800,"height":1200,"url":"https:\/\/festivalbachmontreal.com\/wp-content\/uploads\/2025\/04\/F.-Bach-23-novembre-2024_WEB-76-copie.jpg","type":"image\/jpeg"}],"twitter_card":"summary_large_image","twitter_misc":{"Est. reading time":"1 minute"},"schema":{"@context":"https:\/\/schema.org","@graph":[{"@type":"WebPage","@id":"https:\/\/festivalbachmontreal.com\/en\/","url":"https:\/\/festivalbachmontreal.com\/en\/","name":"Home - Festival Bach","isPartOf":{"@id":"https:\/\/festivalbachmontreal.com\/en\/#website"},"datePublished":"2024-07-12T00:57:07+00:00","dateModified":"2026-03-25T15:16:47+00:00","description":"Chaque ann\u00e9e, en novembre et d\u00e9cembre, le Festival Bach Montr\u00e9al pr\u00e9sente une douzaine de concerts, une nuit des ch\u0153urs et des concerts pour enfants. Il rassemble, pendant trois semaines, plus de 20 000 festivaliers locaux et internationaux \u00e0 Montr\u00e9al.","breadcrumb":{"@id":"https:\/\/festivalbachmontreal.com\/en\/#breadcrumb"},"inLanguage":"en-US","potentialAction":[{"@type":"ReadAction","target":["https:\/\/festivalbachmontreal.com\/en\/"]}]},{"@type":"BreadcrumbList","@id":"https:\/\/festivalbachmontreal.com\/en\/#breadcrumb","itemListElement":[{"@type":"ListItem","position":1,"name":"Home","item":"https:\/\/festivalbachmontreal.com\/en\/festival-bach-montreal-2\/"},{"@type":"ListItem","position":2,"name":"Home"}]},{"@type":"WebSite","@id":"https:\/\/festivalbachmontreal.com\/en\/#website","url":"https:\/\/festivalbachmontreal.com\/en\/","name":"Festival International Bach Montr\u00e9al","description":"","publisher":{"@id":"https:\/\/festivalbachmontreal.com\/en\/#organization"},"potentialAction":[{"@type":"SearchAction","target":{"@type":"EntryPoint","urlTemplate":"https:\/\/festivalbachmontreal.com\/en\/?s={search_term_string}"},"query-input":{"@type":"PropertyValueSpecification","valueRequired":true,"valueName":"search_term_string"}}],"inLanguage":"en-US"},{"@type":"Organization","@id":"https:\/\/festivalbachmontreal.com\/en\/#organization","name":"Festival International Bach Montr\u00e9al","url":"https:\/\/festivalbachmontreal.com\/en\/","logo":{"@type":"ImageObject","inLanguage":"en-US","@id":"https:\/\/festivalbachmontreal.com\/en\/#\/schema\/logo\/image\/","url":"https:\/\/festivalbachmontreal.com\/wp-content\/uploads\/2025\/02\/FIBM_Noir.png","contentUrl":"https:\/\/festivalbachmontreal.com\/wp-content\/uploads\/2025\/02\/FIBM_Noir.png","width":2119,"height":883,"caption":"Festival International Bach Montr\u00e9al"},"image":{"@id":"https:\/\/festivalbachmontreal.com\/en\/#\/schema\/logo\/image\/"},"sameAs":["https:\/\/www.facebook.com\/FestivalBachMontreal\/","https:\/\/www.instagram.com\/bachfestmontreal\/"]}]}},"uagb_featured_image_src":{"full":false,"thumbnail":false,"medium":false,"medium_large":false,"large":false,"1536x1536":false,"2048x2048":false,"gform-image-choice-sm":false,"gform-image-choice-md":false,"gform-image-choice-lg":false,"woocommerce_thumbnail":false,"woocommerce_single":false,"woocommerce_gallery_thumbnail":false},"uagb_author_info":{"display_name":"Festival Bach","author_link":"https:\/\/festivalbachmontreal.com\/en\/author\/bach\/"},"uagb_comment_info":0,"uagb_excerpt":"Page d&#8217;accueil Content [...]Read More... from Home","_links":{"self":[{"href":"https:\/\/festivalbachmontreal.com\/en\/wp-json\/wp\/v2\/pages\/62813","targetHints":{"allow":["GET"]}}],"collection":[{"href":"https:\/\/festivalbachmontreal.com\/en\/wp-json\/wp\/v2\/pages"}],"about":[{"href":"https:\/\/festivalbachmontreal.com\/en\/wp-json\/wp\/v2\/types\/page"}],"author":[{"embeddable":true,"href":"https:\/\/festivalbachmontreal.com\/en\/wp-json\/wp\/v2\/users\/2"}],"replies":[{"embeddable":true,"href":"https:\/\/festivalbachmontreal.com\/en\/wp-json\/wp\/v2\/comments?post=62813"}],"version-history":[{"count":24,"href":"https:\/\/festivalbachmontreal.com\/en\/wp-json\/wp\/v2\/pages\/62813\/revisions"}],"predecessor-version":[{"id":80509,"href":"https:\/\/festivalbachmontreal.com\/en\/wp-json\/wp\/v2\/pages\/62813\/revisions\/80509"}],"wp:attachment":[{"href":"https:\/\/festivalbachmontreal.com\/en\/wp-json\/wp\/v2\/media?parent=62813"}],"curies":[{"name":"wp","href":"https:\/\/api.w.org\/{rel}","templated":true}]}}